{"id":4355,"date":"2017-09-20T11:54:27","date_gmt":"2017-09-20T10:54:27","guid":{"rendered":"http:\/\/mag.abracadaroom.com\/fr\/?page_id=4355"},"modified":"2025-04-17T11:40:36","modified_gmt":"2025-04-17T10:40:36","slug":"demande-reservation-carte-cadeau","status":"publish","type":"page","link":"https:\/\/mag.abracadaroom.com\/fr\/demande-reservation-carte-cadeau\/","title":{"rendered":"Demande r\u00e9servation carte cadeau AbracadaRoom et Unic Stay"},"content":{"rendered":"\n<div class=\"wpcf7 no-js\" id=\"wpcf7-f4353-o1\" lang=\"fr-FR\" dir=\"ltr\">\n<div class=\"screen-reader-response\"><p role=\"status\" aria-live=\"polite\" aria-atomic=\"true\"><\/p> <ul><\/ul><\/div>\n<form action=\"\/fr\/wp-json\/wp\/v2\/pages\/4355#wpcf7-f4353-o1\" method=\"post\" class=\"wpcf7-form init\" aria-label=\"Formulaire de contact\" novalidate=\"novalidate\" data-status=\"init\">\n<div style=\"display: none;\">\n<input type=\"hidden\" name=\"_wpcf7\" value=\"4353\" \/>\n<input type=\"hidden\" name=\"_wpcf7_version\" value=\"5.9.8\" \/>\n<input type=\"hidden\" name=\"_wpcf7_locale\" value=\"fr_FR\" \/>\n<input type=\"hidden\" name=\"_wpcf7_unit_tag\" value=\"wpcf7-f4353-o1\" \/>\n<input type=\"hidden\" name=\"_wpcf7_container_post\" value=\"0\" \/>\n<input type=\"hidden\" name=\"_wpcf7_posted_data_hash\" value=\"\" \/>\n<\/div>\n<p>Vous pouvez r\u00e9aliser vous-m\u00eame votre r\u00e9servation avec une carte cadeau.\n<\/p>\n<p>Pour cela :<br \/>\n1. D\u00e9couvrez nos h\u00e9bergements insolites en utilisant le moteur de recherche de notre site <a href=\"https:\/\/www.abracadaroom.com\/fr\" target=\"_blank\">www.abracadaroom.com<\/a> et\/ou <a href=\"https:\/\/www.unicstay.com \" target=\"_blank\">www.unicstay.com<\/a><br \/>\n2. V\u00e9rifiez la disponibilit\u00e9 et le tarif de l\u2019h\u00e9bergement de votre choix.<br \/>\n3. Cliquez sur \"R\u00e9server\" et proc\u00e9dez \u00e0 votre r\u00e9servation en ligne.<br \/>\n4. Lors de l\u2019\u00e9tape finale, saisissez le num\u00e9ro de votre carte cadeau dans le champ pr\u00e9vu \u00e0 cet effet.\n<\/p>\n<p><img src=\"https:\/\/mag.abracadaroom.com\/fr\/wp-content\/uploads\/2020\/11\/Capture-d\u2019\u00e9cran-2020-11-26-\u00e0-09.22.44-1.png\" \/>\n<\/p>\n<p>5. Recevez instantan\u00e9ment une confirmation de r\u00e9servation par e-mail (pensez \u00e0 v\u00e9rifier vos spams !).\n<\/p>\n<p>Besoin d\u2019aide? N\u2019h\u00e9sitez pas \u00e0 consulter notre <a href=\"https:\/\/faq.abracadaroom.com\/fr\/category\/boutique-cadeau-1ng6hb8\/\" target=\"_blank\">aide en ligne<\/a> !\n<\/p>\n<p><em>Vous n\u2019avez pas trouv\u00e9 la r\u00e9ponse \u00e0 votre question ?<br \/>\nContactez notre service r\u00e9servation du lundi au vendredi de 9h \u00e0 18h (hors jours f\u00e9ri\u00e9s) :<br \/>\n- reservation@unicstay.com<br \/>\n- 04 84 51 03 38 <\/em>\n<\/p><div class=\"wpcf7-response-output\" aria-hidden=\"true\"><\/div>\n<\/form>\n<\/div>\n\n","protected":false},"excerpt":{"rendered":"","protected":false},"author":1,"featured_media":0,"parent":0,"menu_order":0,"comment_status":"closed","ping_status":"closed","template":"page-pagebuilder-empty.php","meta":{"om_disable_all_campaigns":false,"_uf_show_specific_survey":0,"_uf_disable_surveys":false,"footnotes":""},"yoast_head":"<!-- This site is optimized with the Yoast SEO plugin v21.8 - https:\/\/yoast.com\/wordpress\/plugins\/seo\/ -->\n<title>Demande r\u00e9servation carte cadeau AbracadaRoom et Unic Stay<\/title>\n<meta name=\"robots\" content=\"noindex, nofollow\" \/>\n<meta property=\"og:locale\" content=\"fr_FR\" \/>\n<meta property=\"og:type\" content=\"article\" \/>\n<meta property=\"og:title\" content=\"Demande r\u00e9servation carte cadeau AbracadaRoom et Unic Stay\" \/>\n<meta property=\"og:url\" content=\"https:\/\/mag.abracadaroom.com\/fr\/demande-reservation-carte-cadeau\/\" \/>\n<meta property=\"og:site_name\" content=\"Le blog du tourisme insolite\" \/>\n<meta property=\"article:publisher\" content=\"https:\/\/www.facebook.com\/abracadaroom\" \/>\n<meta property=\"article:modified_time\" content=\"2025-04-17T10:40:36+00:00\" \/>\n<meta name=\"twitter:card\" content=\"summary_large_image\" \/>\n<meta name=\"twitter:site\" content=\"@abracadaroom\" \/>\n<meta name=\"twitter:label1\" content=\"Dur\u00e9e de lecture estim\u00e9e\" \/>\n\t<meta name=\"twitter:data1\" content=\"1 minute\" \/>\n<script type=\"application\/ld+json\" class=\"yoast-schema-graph\">{\"@context\":\"https:\/\/schema.org\",\"@graph\":[{\"@type\":\"WebPage\",\"@id\":\"https:\/\/mag.abracadaroom.com\/fr\/demande-reservation-carte-cadeau\/\",\"url\":\"https:\/\/mag.abracadaroom.com\/fr\/demande-reservation-carte-cadeau\/\",\"name\":\"Demande r\u00e9servation carte cadeau AbracadaRoom et Unic Stay\",\"isPartOf\":{\"@id\":\"https:\/\/mag.abracadaroom.com\/fr\/#website\"},\"datePublished\":\"2017-09-20T10:54:27+00:00\",\"dateModified\":\"2025-04-17T10:40:36+00:00\",\"breadcrumb\":{\"@id\":\"https:\/\/mag.abracadaroom.com\/fr\/demande-reservation-carte-cadeau\/#breadcrumb\"},\"inLanguage\":\"fr-FR\",\"potentialAction\":[{\"@type\":\"ReadAction\",\"target\":[\"https:\/\/mag.abracadaroom.com\/fr\/demande-reservation-carte-cadeau\/\"]}]},{\"@type\":\"BreadcrumbList\",\"@id\":\"https:\/\/mag.abracadaroom.com\/fr\/demande-reservation-carte-cadeau\/#breadcrumb\",\"itemListElement\":[{\"@type\":\"ListItem\",\"position\":1,\"name\":\"Home\",\"item\":\"https:\/\/mag.abracadaroom.com\/fr\/\"},{\"@type\":\"ListItem\",\"position\":2,\"name\":\"Demande r\u00e9servation carte cadeau AbracadaRoom et Unic Stay\"}]},{\"@type\":\"WebSite\",\"@id\":\"https:\/\/mag.abracadaroom.com\/fr\/#website\",\"url\":\"https:\/\/mag.abracadaroom.com\/fr\/\",\"name\":\"Le blog du tourisme insolite\",\"description\":\"\",\"potentialAction\":[{\"@type\":\"SearchAction\",\"target\":{\"@type\":\"EntryPoint\",\"urlTemplate\":\"https:\/\/mag.abracadaroom.com\/fr\/?s={search_term_string}\"},\"query-input\":\"required name=search_term_string\"}],\"inLanguage\":\"fr-FR\"}]}<\/script>\n<!-- \/ Yoast SEO plugin. -->","yoast_head_json":{"title":"Demande r\u00e9servation carte cadeau AbracadaRoom et Unic Stay","robots":{"index":"noindex","follow":"nofollow"},"og_locale":"fr_FR","og_type":"article","og_title":"Demande r\u00e9servation carte cadeau AbracadaRoom et Unic Stay","og_url":"https:\/\/mag.abracadaroom.com\/fr\/demande-reservation-carte-cadeau\/","og_site_name":"Le blog du tourisme insolite","article_publisher":"https:\/\/www.facebook.com\/abracadaroom","article_modified_time":"2025-04-17T10:40:36+00:00","twitter_card":"summary_large_image","twitter_site":"@abracadaroom","twitter_misc":{"Dur\u00e9e de lecture estim\u00e9e":"1 minute"},"schema":{"@context":"https:\/\/schema.org","@graph":[{"@type":"WebPage","@id":"https:\/\/mag.abracadaroom.com\/fr\/demande-reservation-carte-cadeau\/","url":"https:\/\/mag.abracadaroom.com\/fr\/demande-reservation-carte-cadeau\/","name":"Demande r\u00e9servation carte cadeau AbracadaRoom et Unic Stay","isPartOf":{"@id":"https:\/\/mag.abracadaroom.com\/fr\/#website"},"datePublished":"2017-09-20T10:54:27+00:00","dateModified":"2025-04-17T10:40:36+00:00","breadcrumb":{"@id":"https:\/\/mag.abracadaroom.com\/fr\/demande-reservation-carte-cadeau\/#breadcrumb"},"inLanguage":"fr-FR","potentialAction":[{"@type":"ReadAction","target":["https:\/\/mag.abracadaroom.com\/fr\/demande-reservation-carte-cadeau\/"]}]},{"@type":"BreadcrumbList","@id":"https:\/\/mag.abracadaroom.com\/fr\/demande-reservation-carte-cadeau\/#breadcrumb","itemListElement":[{"@type":"ListItem","position":1,"name":"Home","item":"https:\/\/mag.abracadaroom.com\/fr\/"},{"@type":"ListItem","position":2,"name":"Demande r\u00e9servation carte cadeau AbracadaRoom et Unic Stay"}]},{"@type":"WebSite","@id":"https:\/\/mag.abracadaroom.com\/fr\/#website","url":"https:\/\/mag.abracadaroom.com\/fr\/","name":"Le blog du tourisme insolite","description":"","potentialAction":[{"@type":"SearchAction","target":{"@type":"EntryPoint","urlTemplate":"https:\/\/mag.abracadaroom.com\/fr\/?s={search_term_string}"},"query-input":"required name=search_term_string"}],"inLanguage":"fr-FR"}]}},"_links":{"self":[{"href":"https:\/\/mag.abracadaroom.com\/fr\/wp-json\/wp\/v2\/pages\/4355"}],"collection":[{"href":"https:\/\/mag.abracadaroom.com\/fr\/wp-json\/wp\/v2\/pages"}],"about":[{"href":"https:\/\/mag.abracadaroom.com\/fr\/wp-json\/wp\/v2\/types\/page"}],"author":[{"embeddable":true,"href":"https:\/\/mag.abracadaroom.com\/fr\/wp-json\/wp\/v2\/users\/1"}],"replies":[{"embeddable":true,"href":"https:\/\/mag.abracadaroom.com\/fr\/wp-json\/wp\/v2\/comments?post=4355"}],"version-history":[{"count":8,"href":"https:\/\/mag.abracadaroom.com\/fr\/wp-json\/wp\/v2\/pages\/4355\/revisions"}],"predecessor-version":[{"id":13173,"href":"https:\/\/mag.abracadaroom.com\/fr\/wp-json\/wp\/v2\/pages\/4355\/revisions\/13173"}],"wp:attachment":[{"href":"https:\/\/mag.abracadaroom.com\/fr\/wp-json\/wp\/v2\/media?parent=4355"}],"curies":[{"name":"wp","href":"https:\/\/api.w.org\/{rel}","templated":true}]}}