{"id":9174,"date":"2020-08-27T14:20:45","date_gmt":"2020-08-27T13:20:45","guid":{"rendered":"https:\/\/mag.abracadaroom.com\/fr\/?page_id=9174"},"modified":"2024-02-06T15:32:08","modified_gmt":"2024-02-06T14:32:08","slug":"formulaire-de-reclamation","status":"publish","type":"page","link":"https:\/\/mag.abracadaroom.com\/fr\/formulaire-de-reclamation\/","title":{"rendered":"Formulaire de r\u00e9clamation"},"content":{"rendered":"\n<figure class=\"wp-block-image size-full\"><img decoding=\"async\" loading=\"lazy\" width=\"300\" height=\"43\" src=\"https:\/\/mag.abracadaroom.com\/fr\/wp-content\/uploads\/2024\/02\/LOGO-ABRACADAROOM.png\" alt=\"\" class=\"wp-image-12166\"\/><\/figure>\n\n\n<\/p>\n\n<div class=\"wpcf7 no-js\" id=\"wpcf7-f9175-o1\" lang=\"fr-FR\" dir=\"ltr\">\n<div class=\"screen-reader-response\"><p role=\"status\" aria-live=\"polite\" aria-atomic=\"true\"><\/p> <ul><\/ul><\/div>\n<form action=\"\/fr\/wp-json\/wp\/v2\/pages\/9174#wpcf7-f9175-o1\" method=\"post\" class=\"wpcf7-form init\" aria-label=\"Formulaire de contact\" enctype=\"multipart\/form-data\" novalidate=\"novalidate\" data-status=\"init\">\n<div style=\"display: none;\">\n<input type=\"hidden\" name=\"_wpcf7\" value=\"9175\" \/>\n<input type=\"hidden\" name=\"_wpcf7_version\" value=\"5.9.8\" \/>\n<input type=\"hidden\" name=\"_wpcf7_locale\" value=\"fr_FR\" \/>\n<input type=\"hidden\" name=\"_wpcf7_unit_tag\" value=\"wpcf7-f9175-o1\" \/>\n<input type=\"hidden\" name=\"_wpcf7_container_post\" value=\"0\" \/>\n<input type=\"hidden\" name=\"_wpcf7_posted_data_hash\" value=\"\" \/>\n<\/div>\n<p><em>Si malgr\u00e9 toute l'attention port\u00e9e \u00e0 la qualit\u00e9 de nos services, vous n'avez pas \u00e9t\u00e9 satisfait d'une prestation, merci de compl\u00e9ter le formulaire ci-dessous.<br \/>\nUn membre de notre \u00e9quipe \u00e9tudiera votre demande avec la plus grande attention et reviendra vers vous d\u00e8s que possible.<\/em>\n<\/p>\n<p class=\"bleu\"><strong>Nom et pr\u00e9nom<span class=\"asterisk\">*<\/span><\/strong><br \/>\n<span class=\"wpcf7-form-control-wrap\" data-name=\"text-4500\"><input size=\"40\" maxlength=\"400\" class=\"wpcf7-form-control wpcf7-text wpcf7-validates-as-required\" aria-required=\"true\" aria-invalid=\"false\" value=\"\" type=\"text\" name=\"text-4500\" \/><\/span>\n<\/p>\n<p class=\"bleu\"><strong>Adresse email <span class=\"asterisk\">*<\/span><\/strong><br \/>\n<span class=\"wpcf7-form-control-wrap\" data-name=\"email-44010\"><input size=\"40\" maxlength=\"400\" class=\"wpcf7-form-control wpcf7-email wpcf7-validates-as-required wpcf7-text wpcf7-validates-as-email\" aria-required=\"true\" aria-invalid=\"false\" value=\"\" type=\"email\" name=\"email-44010\" \/><\/span>\n<\/p>\n<p class=\"bleu\"><strong>T\u00e9l\u00e9phone <span class=\"asterisk\">*<\/span><\/strong><br \/>\n<span class=\"wpcf7-form-control-wrap\" data-name=\"number-44011\"><input class=\"wpcf7-form-control wpcf7-number wpcf7-validates-as-required wpcf7-validates-as-number\" aria-required=\"true\" aria-invalid=\"false\" value=\"\" type=\"number\" name=\"number-44011\" \/><\/span>\n<\/p>\n<p class=\"bleu\"><strong>R\u00e9f\u00e9rence de votre achat \/ r\u00e9servation<span class=\"asterisk\">*<\/span><\/strong><br \/>\n<span class=\"wpcf7-form-control-wrap\" data-name=\"text-4400\"><input size=\"40\" maxlength=\"400\" class=\"wpcf7-form-control wpcf7-text wpcf7-validates-as-required\" aria-required=\"true\" aria-invalid=\"false\" value=\"\" type=\"text\" name=\"text-4400\" \/><\/span>\n<\/p>\n<p class=\"bleu\"><strong>\u00c0 quel sujet souhaitez-vous effectuer une r\u00e9clamation ? <span class=\"asterisk\">*<\/span><\/strong><br \/>\n<span class=\"wpcf7-form-control-wrap\" data-name=\"menu-262\"><select class=\"wpcf7-form-control wpcf7-select wpcf7-validates-as-required\" aria-required=\"true\" aria-invalid=\"false\" name=\"menu-262\"><option value=\"\">&#8212;Veuillez choisir une option&#8212;<\/option><option value=\"Un s\u00e9jour\">Un s\u00e9jour<\/option><option value=\"Une r\u00e9servation\">Une r\u00e9servation<\/option><option value=\"Un bon cadeau\">Un bon cadeau<\/option><option value=\"Une carte cadeau\">Une carte cadeau<\/option><option value=\"Autre\">Autre<\/option><\/select><\/span>\n<\/p>\n<p class=\"bleu\"><strong>Si autre, pr\u00e9cisez :<\/strong><br \/>\n<span class=\"wpcf7-form-control-wrap\" data-name=\"text-3300\"><input size=\"40\" maxlength=\"400\" class=\"wpcf7-form-control wpcf7-text\" aria-invalid=\"false\" value=\"\" type=\"text\" name=\"text-3300\" \/><\/span>\n<\/p>\n<p class=\"bleu\"><strong>D\u00e9tails<span class=\"asterisk\">*<\/span><\/strong><br \/>\n<em>Pr\u00e9cisez votre demande de mani\u00e8re factuelle<\/em><br \/>\n<span class=\"wpcf7-form-control-wrap\" data-name=\"textarea-42\"><textarea cols=\"40\" rows=\"10\" maxlength=\"2000\" class=\"wpcf7-form-control wpcf7-textarea wpcf7-validates-as-required\" aria-required=\"true\" aria-invalid=\"false\" name=\"textarea-42\"><\/textarea><\/span>\n<\/p>\n<p class=\"bleu\"><strong>Vous pouvez si besoin joindre des documents utiles au traitement de votre demande :<\/strong><br \/>\n<span class=\"wpcf7-form-control-wrap\" data-name=\"file-49\"><input size=\"40\" class=\"wpcf7-form-control wpcf7-file\" accept=\"audio\/*,video\/*,image\/*\" aria-invalid=\"false\" type=\"file\" name=\"file-49\" \/><\/span>\n<\/p>\n<p><em>En cas de r\u00e9clamation cons\u00e9cutive \u00e0 un s\u00e9jour, AbracadaRoom interviendra uniquement en tant qu'interm\u00e9diaire. Seul l'\u00e9tablissement est d\u00e9cisionnaire et responsable en cas de r\u00e9clamation ou de litige.<br \/>\nMerci de noter qu'un d\u00e9lai de traitement de 15 jours peut \u00eatre n\u00e9cessaire.<\/em>\n<\/p>\n<p><input class=\"wpcf7-form-control wpcf7-submit has-spinner\" type=\"submit\" value=\"Envoyer\" \/>\n<\/p><div class=\"wpcf7-response-output\" aria-hidden=\"true\"><\/div>\n<\/form>\n<\/div>\n","protected":false},"excerpt":{"rendered":"","protected":false},"author":8,"featured_media":0,"parent":0,"menu_order":0,"comment_status":"closed","ping_status":"closed","template":"page-pagebuilder-empty.php","meta":{"om_disable_all_campaigns":false,"_uf_show_specific_survey":0,"_uf_disable_surveys":false,"footnotes":""},"yoast_head":"<!-- This site is optimized with the Yoast SEO plugin v21.8 - https:\/\/yoast.com\/wordpress\/plugins\/seo\/ -->\n<title>Formulaire de r\u00e9clamation<\/title>\n<meta name=\"robots\" content=\"noindex, nofollow\" \/>\n<meta property=\"og:locale\" content=\"fr_FR\" \/>\n<meta property=\"og:type\" content=\"article\" \/>\n<meta property=\"og:title\" content=\"Formulaire de r\u00e9clamation\" \/>\n<meta property=\"og:url\" content=\"https:\/\/mag.abracadaroom.com\/fr\/formulaire-de-reclamation\/\" \/>\n<meta property=\"og:site_name\" content=\"Le blog du tourisme insolite\" \/>\n<meta property=\"article:publisher\" content=\"https:\/\/www.facebook.com\/abracadaroom\" \/>\n<meta property=\"article:modified_time\" content=\"2024-02-06T14:32:08+00:00\" \/>\n<meta property=\"og:image\" content=\"https:\/\/mag.abracadaroom.com\/fr\/wp-content\/uploads\/2024\/02\/LOGO-ABRACADAROOM.png\" \/>\n<meta name=\"twitter:card\" content=\"summary_large_image\" \/>\n<meta name=\"twitter:site\" content=\"@abracadaroom\" \/>\n<meta name=\"twitter:label1\" content=\"Dur\u00e9e de lecture estim\u00e9e\" \/>\n\t<meta name=\"twitter:data1\" content=\"1 minute\" \/>\n<script type=\"application\/ld+json\" class=\"yoast-schema-graph\">{\"@context\":\"https:\/\/schema.org\",\"@graph\":[{\"@type\":\"WebPage\",\"@id\":\"https:\/\/mag.abracadaroom.com\/fr\/formulaire-de-reclamation\/\",\"url\":\"https:\/\/mag.abracadaroom.com\/fr\/formulaire-de-reclamation\/\",\"name\":\"Formulaire de r\u00e9clamation\",\"isPartOf\":{\"@id\":\"https:\/\/mag.abracadaroom.com\/fr\/#website\"},\"datePublished\":\"2020-08-27T13:20:45+00:00\",\"dateModified\":\"2024-02-06T14:32:08+00:00\",\"breadcrumb\":{\"@id\":\"https:\/\/mag.abracadaroom.com\/fr\/formulaire-de-reclamation\/#breadcrumb\"},\"inLanguage\":\"fr-FR\",\"potentialAction\":[{\"@type\":\"ReadAction\",\"target\":[\"https:\/\/mag.abracadaroom.com\/fr\/formulaire-de-reclamation\/\"]}]},{\"@type\":\"BreadcrumbList\",\"@id\":\"https:\/\/mag.abracadaroom.com\/fr\/formulaire-de-reclamation\/#breadcrumb\",\"itemListElement\":[{\"@type\":\"ListItem\",\"position\":1,\"name\":\"Home\",\"item\":\"https:\/\/mag.abracadaroom.com\/fr\/\"},{\"@type\":\"ListItem\",\"position\":2,\"name\":\"Formulaire de r\u00e9clamation\"}]},{\"@type\":\"WebSite\",\"@id\":\"https:\/\/mag.abracadaroom.com\/fr\/#website\",\"url\":\"https:\/\/mag.abracadaroom.com\/fr\/\",\"name\":\"Le blog du tourisme insolite\",\"description\":\"\",\"potentialAction\":[{\"@type\":\"SearchAction\",\"target\":{\"@type\":\"EntryPoint\",\"urlTemplate\":\"https:\/\/mag.abracadaroom.com\/fr\/?s={search_term_string}\"},\"query-input\":\"required name=search_term_string\"}],\"inLanguage\":\"fr-FR\"}]}<\/script>\n<!-- \/ Yoast SEO plugin. -->","yoast_head_json":{"title":"Formulaire de r\u00e9clamation","robots":{"index":"noindex","follow":"nofollow"},"og_locale":"fr_FR","og_type":"article","og_title":"Formulaire de r\u00e9clamation","og_url":"https:\/\/mag.abracadaroom.com\/fr\/formulaire-de-reclamation\/","og_site_name":"Le blog du tourisme insolite","article_publisher":"https:\/\/www.facebook.com\/abracadaroom","article_modified_time":"2024-02-06T14:32:08+00:00","og_image":[{"url":"https:\/\/mag.abracadaroom.com\/fr\/wp-content\/uploads\/2024\/02\/LOGO-ABRACADAROOM.png"}],"twitter_card":"summary_large_image","twitter_site":"@abracadaroom","twitter_misc":{"Dur\u00e9e de lecture estim\u00e9e":"1 minute"},"schema":{"@context":"https:\/\/schema.org","@graph":[{"@type":"WebPage","@id":"https:\/\/mag.abracadaroom.com\/fr\/formulaire-de-reclamation\/","url":"https:\/\/mag.abracadaroom.com\/fr\/formulaire-de-reclamation\/","name":"Formulaire de r\u00e9clamation","isPartOf":{"@id":"https:\/\/mag.abracadaroom.com\/fr\/#website"},"datePublished":"2020-08-27T13:20:45+00:00","dateModified":"2024-02-06T14:32:08+00:00","breadcrumb":{"@id":"https:\/\/mag.abracadaroom.com\/fr\/formulaire-de-reclamation\/#breadcrumb"},"inLanguage":"fr-FR","potentialAction":[{"@type":"ReadAction","target":["https:\/\/mag.abracadaroom.com\/fr\/formulaire-de-reclamation\/"]}]},{"@type":"BreadcrumbList","@id":"https:\/\/mag.abracadaroom.com\/fr\/formulaire-de-reclamation\/#breadcrumb","itemListElement":[{"@type":"ListItem","position":1,"name":"Home","item":"https:\/\/mag.abracadaroom.com\/fr\/"},{"@type":"ListItem","position":2,"name":"Formulaire de r\u00e9clamation"}]},{"@type":"WebSite","@id":"https:\/\/mag.abracadaroom.com\/fr\/#website","url":"https:\/\/mag.abracadaroom.com\/fr\/","name":"Le blog du tourisme insolite","description":"","potentialAction":[{"@type":"SearchAction","target":{"@type":"EntryPoint","urlTemplate":"https:\/\/mag.abracadaroom.com\/fr\/?s={search_term_string}"},"query-input":"required name=search_term_string"}],"inLanguage":"fr-FR"}]}},"_links":{"self":[{"href":"https:\/\/mag.abracadaroom.com\/fr\/wp-json\/wp\/v2\/pages\/9174"}],"collection":[{"href":"https:\/\/mag.abracadaroom.com\/fr\/wp-json\/wp\/v2\/pages"}],"about":[{"href":"https:\/\/mag.abracadaroom.com\/fr\/wp-json\/wp\/v2\/types\/page"}],"author":[{"embeddable":true,"href":"https:\/\/mag.abracadaroom.com\/fr\/wp-json\/wp\/v2\/users\/8"}],"replies":[{"embeddable":true,"href":"https:\/\/mag.abracadaroom.com\/fr\/wp-json\/wp\/v2\/comments?post=9174"}],"version-history":[{"count":5,"href":"https:\/\/mag.abracadaroom.com\/fr\/wp-json\/wp\/v2\/pages\/9174\/revisions"}],"predecessor-version":[{"id":12175,"href":"https:\/\/mag.abracadaroom.com\/fr\/wp-json\/wp\/v2\/pages\/9174\/revisions\/12175"}],"wp:attachment":[{"href":"https:\/\/mag.abracadaroom.com\/fr\/wp-json\/wp\/v2\/media?parent=9174"}],"curies":[{"name":"wp","href":"https:\/\/api.w.org\/{rel}","templated":true}]}}