{"id":9181,"date":"2020-08-28T10:34:00","date_gmt":"2020-08-28T09:34:00","guid":{"rendered":"https:\/\/mag.abracadaroom.com\/fr\/?page_id=9181"},"modified":"2026-04-24T14:01:46","modified_gmt":"2026-04-24T13:01:46","slug":"demande-de-reservation-suite-a-votre-gain-abracadaroom-la-cabane-en-lair","status":"publish","type":"page","link":"https:\/\/mag.abracadaroom.com\/fr\/demande-de-reservation-suite-a-votre-gain-abracadaroom-la-cabane-en-lair\/","title":{"rendered":"Demande de r\u00e9servation AbracadaRoom \/ Unic Stay"},"content":{"rendered":"\n<div class=\"wpcf7 no-js\" id=\"wpcf7-f9180-o1\" lang=\"fr-FR\" dir=\"ltr\">\n<div class=\"screen-reader-response\"><p role=\"status\" aria-live=\"polite\" aria-atomic=\"true\"><\/p> <ul><\/ul><\/div>\n<form action=\"\/fr\/wp-json\/wp\/v2\/pages\/9181#wpcf7-f9180-o1\" method=\"post\" class=\"wpcf7-form init\" aria-label=\"Formulaire de contact\" novalidate=\"novalidate\" data-status=\"init\">\n<div style=\"display: none;\">\n<input type=\"hidden\" name=\"_wpcf7\" value=\"9180\" \/>\n<input type=\"hidden\" name=\"_wpcf7_version\" value=\"5.9.8\" \/>\n<input type=\"hidden\" name=\"_wpcf7_locale\" value=\"fr_FR\" \/>\n<input type=\"hidden\" name=\"_wpcf7_unit_tag\" value=\"wpcf7-f9180-o1\" \/>\n<input type=\"hidden\" name=\"_wpcf7_container_post\" value=\"0\" \/>\n<input type=\"hidden\" name=\"_wpcf7_posted_data_hash\" value=\"\" \/>\n<\/div>\n\n<p><em>F\u00e9licitations, vous avez r\u00e9cemment gagn\u00e9 une nuit insolite suite \u00e0 un jeu concours AbracadaRoom \/ Unic Stay !<br \/>\nToute demande de r\u00e9servation de votre nuit\u00e9e offerte doit \u00eatre effectu\u00e9e au plus tard <b><u>10 jours ouvr\u00e9s avant votre s\u00e9jour<\/u><\/b>.<br \/>\nLa r\u00e9servation sera valid\u00e9e, sous r\u00e9serve de disponibilit\u00e9, uniquement apr\u00e8s r\u00e9ception d'un email de confirmation de r\u00e9servation et du bon de dotation (envoy\u00e9s sous 2 \u00e0 7 jours ouvr\u00e9s).<br \/>\nPour toute information compl\u00e9mentaire, nous vous invitons \u00e0 lire attentivement la <a href=\"https:\/\/faq.abracadaroom.com\/fr\/category\/jeux-concours-eotj7\/\" target=_blank> Foire aux Questions Jeux Concours<\/a> pr\u00e9vue \u00e0 cet effet.<\/em>\n<\/p>\n<p class=\"bleu\"><strong>R\u00e9f\u00e9rence de votre gain<span class=\"asterisk\">*<\/span><\/strong><br \/>\n<em style=\"color:black; font-size:12px;\">Celui-ci vous a \u00e9t\u00e9 communiqu\u00e9 par e-mail<\/em><br \/>\n<span class=\"wpcf7-form-control-wrap\" data-name=\"text-4400\"><input size=\"40\" maxlength=\"400\" class=\"wpcf7-form-control wpcf7-text wpcf7-validates-as-required\" aria-required=\"true\" aria-invalid=\"false\" value=\"\" type=\"text\" name=\"text-4400\" \/><\/span>\n<\/p>\n<p class=\"bleu\"><strong>\u00c9tablissement(s) choisi(s)<span class=\"asterisk\">*<\/span><\/strong><br \/>\n<em style=\"color:black; font-size:12px;\">Nous vous invitons \u00e0 consulter la liste des \u00e9tablissements pouvant vous accueillir, <a href=\"https:\/\/mag.abracadaroom.com\/fr\/liste-des-etablissements-eligibles-a-votre-gain-abracadaroom-la-cabane-en-lair\/\" target=_blank> en cliquant ici<\/a>.<br \/>\nMerci de lister 3 \u00e9tablissements, par ordre de pr\u00e9f\u00e9rence (exemple : Domaine du Grand Bois, Ch\u00e2teau de M\u00e9manat, Domaine de Roccas)<\/em><br \/>\n<span class=\"wpcf7-form-control-wrap\" data-name=\"text-50\"><input size=\"40\" maxlength=\"400\" class=\"wpcf7-form-control wpcf7-text wpcf7-validates-as-required\" aria-required=\"true\" aria-invalid=\"false\" value=\"\" type=\"text\" name=\"text-50\" \/><\/span><br \/>\n<span class=\"wpcf7-form-control-wrap\" data-name=\"text-51\"><input size=\"40\" maxlength=\"400\" class=\"wpcf7-form-control wpcf7-text wpcf7-validates-as-required\" aria-required=\"true\" aria-invalid=\"false\" value=\"\" type=\"text\" name=\"text-51\" \/><\/span><br \/>\n<span class=\"wpcf7-form-control-wrap\" data-name=\"text-52\"><input size=\"40\" maxlength=\"400\" class=\"wpcf7-form-control wpcf7-text wpcf7-validates-as-required\" aria-required=\"true\" aria-invalid=\"false\" value=\"\" type=\"text\" name=\"text-52\" \/><\/span><br \/>\n<em style=\"color:black; font-size:12px;\">Si le premier \u00e9tablissement n'est pas en mesure de vous accueillir, nous contacterons le deuxi\u00e8me et ainsi de suite.<br \/>\nSi le domaine dispose de plusieurs logements, merci de noter que ce sont les propri\u00e9taires qui restent d\u00e9cisionnaires quant \u00e0 l'h\u00e9bergement qui vous sera attribu\u00e9. <\/em>\n<\/p>\n<p class=\"bleu\"><strong>Date d'arriv\u00e9e <span class=\"asterisk\">*<\/span><\/strong><br \/>\n<em style=\"color:black; font-size:12px;\">Les disponibilit\u00e9s sont consultables depuis la page de chaque h\u00e9bergement en cliquant sur \"Date d'arriv\u00e9e\". Les dates bleues sont disponibles, les dates gris\u00e9es sont indisponibles. Pour rappel, la dotation offerte est d'une nuit pour 2 personnes, valable hors samedis et dates sp\u00e9ciales. <\/em><br \/>\n<span class=\"wpcf7-form-control-wrap\" data-name=\"date-4405\"><input class=\"wpcf7-form-control wpcf7-date wpcf7-validates-as-required wpcf7-validates-as-date\" aria-required=\"true\" aria-invalid=\"false\" value=\"\" type=\"date\" name=\"date-4405\" \/><\/span>\n<\/p>\n<p class=\"bleu\"><strong>Date de d\u00e9part <span class=\"asterisk\">*<\/span><\/strong><br \/>\n<span class=\"wpcf7-form-control-wrap\" data-name=\"date-4406\"><input class=\"wpcf7-form-control wpcf7-date wpcf7-validates-as-required wpcf7-validates-as-date\" aria-required=\"true\" aria-invalid=\"false\" value=\"\" type=\"date\" name=\"date-4406\" \/><\/span>\n<\/p>\n<p class=\"bleu\"><strong>Nom et pr\u00e9nom du 1er occupant<span class=\"asterisk\">*<\/span><\/strong><br \/>\n<span class=\"wpcf7-form-control-wrap\" data-name=\"text-4402\"><input size=\"40\" maxlength=\"400\" class=\"wpcf7-form-control wpcf7-text wpcf7-validates-as-required\" aria-required=\"true\" aria-invalid=\"false\" value=\"\" type=\"text\" name=\"text-4402\" \/><\/span>\n<\/p>\n<p class=\"bleu\"><strong>Date de naissance du 1er occupant<span class=\"asterisk\">*<\/span><\/strong><br \/>\n<span class=\"wpcf7-form-control-wrap\" data-name=\"date-4410\"><input class=\"wpcf7-form-control wpcf7-date wpcf7-validates-as-required wpcf7-validates-as-date\" aria-required=\"true\" aria-invalid=\"false\" value=\"\" type=\"date\" name=\"date-4410\" \/><\/span>\n<\/p>\n<p class=\"bleu\"><strong>Nom et pr\u00e9nom du 2\u00e8me occupant<span class=\"asterisk\">*<\/span><\/strong><br \/>\n<span class=\"wpcf7-form-control-wrap\" data-name=\"text-4420\"><input size=\"40\" maxlength=\"400\" class=\"wpcf7-form-control wpcf7-text wpcf7-validates-as-required\" aria-required=\"true\" aria-invalid=\"false\" value=\"\" type=\"text\" name=\"text-4420\" \/><\/span>\n<\/p>\n<p class=\"bleu\"><strong>Date de naissance du 2\u00e8me occupant<span class=\"asterisk\">*<\/span><\/strong><br \/>\n<span class=\"wpcf7-form-control-wrap\" data-name=\"date-4450\"><input class=\"wpcf7-form-control wpcf7-date wpcf7-validates-as-required wpcf7-validates-as-date\" aria-required=\"true\" aria-invalid=\"false\" value=\"\" type=\"date\" name=\"date-4450\" \/><\/span>\n<\/p>\n<p class=\"bleu\"><strong>Adresse email<span class=\"asterisk\">*<\/span><\/strong><br \/>\n<span class=\"wpcf7-form-control-wrap\" data-name=\"text-4409\"><input size=\"40\" maxlength=\"400\" class=\"wpcf7-form-control wpcf7-text wpcf7-validates-as-required\" aria-required=\"true\" aria-invalid=\"false\" value=\"\" type=\"text\" name=\"text-4409\" \/><\/span>\n<\/p>\n<p class=\"bleu\"><strong>T\u00e9l\u00e9phone <span class=\"asterisk\">*<\/span><\/strong><br \/>\n<span class=\"wpcf7-form-control-wrap\" data-name=\"number-44011\"><input class=\"wpcf7-form-control wpcf7-number wpcf7-validates-as-required wpcf7-validates-as-number\" aria-required=\"true\" aria-invalid=\"false\" value=\"\" type=\"number\" name=\"number-44011\" \/><\/span>\n<\/p>\n<p><label> Commentaire<br \/>\n<em style=\"color:black; font-size:12px;\">Si vous souhaitez s\u00e9journer 2 nuits ou plus et\/ou ajouter des occupants \u00e0 votre r\u00e9servation, merci de le mentionner ici.<br \/>\nLe suppl\u00e9ment correspondant indiqu\u00e9 sur la page de l'h\u00e9bergement sera \u00e0 r\u00e9gler sur place aupr\u00e8s de l'h\u00e9bergeur.<\/em><br \/>\n<span class=\"wpcf7-form-control-wrap\" data-name=\"textarea-3344\"><textarea cols=\"40\" rows=\"10\" maxlength=\"2000\" class=\"wpcf7-form-control wpcf7-textarea\" aria-invalid=\"false\" name=\"textarea-3344\"><\/textarea><\/span> <\/label>\n<\/p>\n<p><em><span class=\"asterisk\">*<\/span><span class=\"wpcf7-form-control-wrap\" data-name=\"file-572\"><span class=\"wpcf7-form-control wpcf7-checkbox\"><span class=\"wpcf7-list-item first last\"><input type=\"checkbox\" name=\"file-572[]\" value=\"\" \/><span class=\"wpcf7-list-item-label\"><\/span><\/span><\/span><\/span> - <a href=\"https:\/\/faq.abracadaroom.com\/fr\/category\/jeux-concours-eotj7\/\" target=\"_blank\">J\u2019accepte les conditions d'utilisation de mon gain<br \/>\n<\/a><\/em>\n<\/p>\n<p><input class=\"wpcf7-form-control wpcf7-submit has-spinner\" type=\"submit\" value=\"Envoyer\" \/>\n<\/p><div class=\"wpcf7-response-output\" aria-hidden=\"true\"><\/div>\n<\/form>\n<\/div>\n\n","protected":false},"excerpt":{"rendered":"","protected":false},"author":8,"featured_media":0,"parent":0,"menu_order":0,"comment_status":"closed","ping_status":"closed","template":"page-pagebuilder-empty.php","meta":{"om_disable_all_campaigns":false,"_uf_show_specific_survey":0,"_uf_disable_surveys":false,"footnotes":""},"yoast_head":"<!-- This site is optimized with the Yoast SEO plugin v21.8 - https:\/\/yoast.com\/wordpress\/plugins\/seo\/ -->\n<title>Demande de r\u00e9servation AbracadaRoom \/ Unic Stay<\/title>\n<meta name=\"robots\" content=\"noindex, nofollow\" \/>\n<meta property=\"og:locale\" content=\"fr_FR\" \/>\n<meta property=\"og:type\" content=\"article\" \/>\n<meta property=\"og:title\" content=\"Demande de r\u00e9servation AbracadaRoom \/ Unic Stay\" \/>\n<meta property=\"og:url\" content=\"https:\/\/mag.abracadaroom.com\/fr\/demande-de-reservation-suite-a-votre-gain-abracadaroom-la-cabane-en-lair\/\" \/>\n<meta property=\"og:site_name\" content=\"Le blog du tourisme insolite\" \/>\n<meta property=\"article:publisher\" content=\"https:\/\/www.facebook.com\/abracadaroom\" \/>\n<meta property=\"article:modified_time\" content=\"2026-04-24T13:01:46+00:00\" \/>\n<meta name=\"twitter:card\" content=\"summary_large_image\" \/>\n<meta name=\"twitter:site\" content=\"@abracadaroom\" \/>\n<meta name=\"twitter:label1\" content=\"Dur\u00e9e de lecture estim\u00e9e\" \/>\n\t<meta name=\"twitter:data1\" content=\"1 minute\" \/>\n<script type=\"application\/ld+json\" class=\"yoast-schema-graph\">{\"@context\":\"https:\/\/schema.org\",\"@graph\":[{\"@type\":\"WebPage\",\"@id\":\"https:\/\/mag.abracadaroom.com\/fr\/demande-de-reservation-suite-a-votre-gain-abracadaroom-la-cabane-en-lair\/\",\"url\":\"https:\/\/mag.abracadaroom.com\/fr\/demande-de-reservation-suite-a-votre-gain-abracadaroom-la-cabane-en-lair\/\",\"name\":\"Demande de r\u00e9servation AbracadaRoom \/ Unic Stay\",\"isPartOf\":{\"@id\":\"https:\/\/mag.abracadaroom.com\/fr\/#website\"},\"datePublished\":\"2020-08-28T09:34:00+00:00\",\"dateModified\":\"2026-04-24T13:01:46+00:00\",\"breadcrumb\":{\"@id\":\"https:\/\/mag.abracadaroom.com\/fr\/demande-de-reservation-suite-a-votre-gain-abracadaroom-la-cabane-en-lair\/#breadcrumb\"},\"inLanguage\":\"fr-FR\",\"potentialAction\":[{\"@type\":\"ReadAction\",\"target\":[\"https:\/\/mag.abracadaroom.com\/fr\/demande-de-reservation-suite-a-votre-gain-abracadaroom-la-cabane-en-lair\/\"]}]},{\"@type\":\"BreadcrumbList\",\"@id\":\"https:\/\/mag.abracadaroom.com\/fr\/demande-de-reservation-suite-a-votre-gain-abracadaroom-la-cabane-en-lair\/#breadcrumb\",\"itemListElement\":[{\"@type\":\"ListItem\",\"position\":1,\"name\":\"Home\",\"item\":\"https:\/\/mag.abracadaroom.com\/fr\/\"},{\"@type\":\"ListItem\",\"position\":2,\"name\":\"Demande de r\u00e9servation AbracadaRoom \/ Unic Stay\"}]},{\"@type\":\"WebSite\",\"@id\":\"https:\/\/mag.abracadaroom.com\/fr\/#website\",\"url\":\"https:\/\/mag.abracadaroom.com\/fr\/\",\"name\":\"Le blog du tourisme insolite\",\"description\":\"\",\"potentialAction\":[{\"@type\":\"SearchAction\",\"target\":{\"@type\":\"EntryPoint\",\"urlTemplate\":\"https:\/\/mag.abracadaroom.com\/fr\/?s={search_term_string}\"},\"query-input\":\"required name=search_term_string\"}],\"inLanguage\":\"fr-FR\"}]}<\/script>\n<!-- \/ Yoast SEO plugin. -->","yoast_head_json":{"title":"Demande de r\u00e9servation AbracadaRoom \/ Unic Stay","robots":{"index":"noindex","follow":"nofollow"},"og_locale":"fr_FR","og_type":"article","og_title":"Demande de r\u00e9servation AbracadaRoom \/ Unic Stay","og_url":"https:\/\/mag.abracadaroom.com\/fr\/demande-de-reservation-suite-a-votre-gain-abracadaroom-la-cabane-en-lair\/","og_site_name":"Le blog du tourisme insolite","article_publisher":"https:\/\/www.facebook.com\/abracadaroom","article_modified_time":"2026-04-24T13:01:46+00:00","twitter_card":"summary_large_image","twitter_site":"@abracadaroom","twitter_misc":{"Dur\u00e9e de lecture estim\u00e9e":"1 minute"},"schema":{"@context":"https:\/\/schema.org","@graph":[{"@type":"WebPage","@id":"https:\/\/mag.abracadaroom.com\/fr\/demande-de-reservation-suite-a-votre-gain-abracadaroom-la-cabane-en-lair\/","url":"https:\/\/mag.abracadaroom.com\/fr\/demande-de-reservation-suite-a-votre-gain-abracadaroom-la-cabane-en-lair\/","name":"Demande de r\u00e9servation AbracadaRoom \/ Unic Stay","isPartOf":{"@id":"https:\/\/mag.abracadaroom.com\/fr\/#website"},"datePublished":"2020-08-28T09:34:00+00:00","dateModified":"2026-04-24T13:01:46+00:00","breadcrumb":{"@id":"https:\/\/mag.abracadaroom.com\/fr\/demande-de-reservation-suite-a-votre-gain-abracadaroom-la-cabane-en-lair\/#breadcrumb"},"inLanguage":"fr-FR","potentialAction":[{"@type":"ReadAction","target":["https:\/\/mag.abracadaroom.com\/fr\/demande-de-reservation-suite-a-votre-gain-abracadaroom-la-cabane-en-lair\/"]}]},{"@type":"BreadcrumbList","@id":"https:\/\/mag.abracadaroom.com\/fr\/demande-de-reservation-suite-a-votre-gain-abracadaroom-la-cabane-en-lair\/#breadcrumb","itemListElement":[{"@type":"ListItem","position":1,"name":"Home","item":"https:\/\/mag.abracadaroom.com\/fr\/"},{"@type":"ListItem","position":2,"name":"Demande de r\u00e9servation AbracadaRoom \/ Unic Stay"}]},{"@type":"WebSite","@id":"https:\/\/mag.abracadaroom.com\/fr\/#website","url":"https:\/\/mag.abracadaroom.com\/fr\/","name":"Le blog du tourisme insolite","description":"","potentialAction":[{"@type":"SearchAction","target":{"@type":"EntryPoint","urlTemplate":"https:\/\/mag.abracadaroom.com\/fr\/?s={search_term_string}"},"query-input":"required name=search_term_string"}],"inLanguage":"fr-FR"}]}},"_links":{"self":[{"href":"https:\/\/mag.abracadaroom.com\/fr\/wp-json\/wp\/v2\/pages\/9181"}],"collection":[{"href":"https:\/\/mag.abracadaroom.com\/fr\/wp-json\/wp\/v2\/pages"}],"about":[{"href":"https:\/\/mag.abracadaroom.com\/fr\/wp-json\/wp\/v2\/types\/page"}],"author":[{"embeddable":true,"href":"https:\/\/mag.abracadaroom.com\/fr\/wp-json\/wp\/v2\/users\/8"}],"replies":[{"embeddable":true,"href":"https:\/\/mag.abracadaroom.com\/fr\/wp-json\/wp\/v2\/comments?post=9181"}],"version-history":[{"count":4,"href":"https:\/\/mag.abracadaroom.com\/fr\/wp-json\/wp\/v2\/pages\/9181\/revisions"}],"predecessor-version":[{"id":14445,"href":"https:\/\/mag.abracadaroom.com\/fr\/wp-json\/wp\/v2\/pages\/9181\/revisions\/14445"}],"wp:attachment":[{"href":"https:\/\/mag.abracadaroom.com\/fr\/wp-json\/wp\/v2\/media?parent=9181"}],"curies":[{"name":"wp","href":"https:\/\/api.w.org\/{rel}","templated":true}]}}